{"id":502,"date":"2025-08-27T11:55:10","date_gmt":"2025-08-27T11:55:10","guid":{"rendered":"https:\/\/spinbetter.guru\/sk\/?page_id=502"},"modified":"2025-08-27T11:55:19","modified_gmt":"2025-08-27T11:55:19","slug":"loyalty-pays","status":"publish","type":"page","link":"https:\/\/spinbetter.guru\/sk\/bonus\/loyalty-pays\/","title":{"rendered":"Vernos\u0165 sa vypl\u00e1ca"},"content":{"rendered":"","protected":false},"excerpt":{"rendered":"","protected":false},"author":1,"featured_media":0,"parent":314,"menu_order":0,"comment_status":"closed","ping_status":"closed","template":"","meta":{"footnotes":""},"class_list":["post-502","page","type-page","status-publish","hentry"],"yoast_head":"<!-- This site is optimized with the Yoast SEO plugin v23.4 - https:\/\/yoast.com\/wordpress\/plugins\/seo\/ -->\n<title>50% bonus + 100 FS k v\u00e1\u0161mu 10. vkladu na SpinBetter<\/title>\n<meta name=\"description\" content=\"Je \u010das vyhra\u0165 vo ve\u013ekom! Urobte svoj 10. vklad na SpinBetter a z\u00edskajte 50% bonus plus a\u017e 100 rozto\u010den\u00ed zadarmo. Vernos\u0165 sa tu necen\u00ed len - prin\u00e1\u0161a peniaze a euf\u00f3riu! Nespoma\u013eujte, hrajte vo ve\u013ekom a z\u00edskajte svoje odmeny!\" \/>\n<meta name=\"robots\" content=\"index, follow, max-snippet:-1, max-image-preview:large, max-video-preview:-1\" \/>\n<meta property=\"og:locale\" content=\"sk_SK\" \/>\n<meta property=\"og:type\" content=\"article\" \/>\n<meta property=\"og:title\" content=\"50% bonus + 100 FS k v\u00e1\u0161mu 10. vkladu na SpinBetter\" \/>\n<meta property=\"og:description\" content=\"Je \u010das vyhra\u0165 vo ve\u013ekom! Urobte svoj 10. vklad na SpinBetter a z\u00edskajte 50% bonus plus a\u017e 100 rozto\u010den\u00ed zadarmo. Vernos\u0165 sa tu necen\u00ed len - prin\u00e1\u0161a peniaze a euf\u00f3riu! Nespoma\u013eujte, hrajte vo ve\u013ekom a z\u00edskajte svoje odmeny!\" \/>\n<meta property=\"og:url\" content=\"https:\/\/spinbetter.guru\/sk\/bonus\/loyalty-pays\/\" \/>\n<meta property=\"og:site_name\" content=\"Spinbetter Plus SK\" \/>\n<meta property=\"article:modified_time\" content=\"2025-08-27T11:55:19+00:00\" \/>\n<meta name=\"twitter:card\" content=\"summary_large_image\" \/>\n<script type=\"application\/ld+json\" class=\"yoast-schema-graph\">{\"@context\":\"https:\/\/schema.org\",\"@graph\":[{\"@type\":\"WebPage\",\"@id\":\"https:\/\/spinbetter.guru\/sk\/bonus\/loyalty-pays\/\",\"url\":\"https:\/\/spinbetter.guru\/sk\/bonus\/loyalty-pays\/\",\"name\":\"50% bonus + 100 FS k v\u00e1\u0161mu 10. vkladu na SpinBetter\",\"isPartOf\":{\"@id\":\"https:\/\/spinbetter.guru\/sk\/#website\"},\"datePublished\":\"2025-08-27T11:55:10+00:00\",\"dateModified\":\"2025-08-27T11:55:19+00:00\",\"description\":\"Je \u010das vyhra\u0165 vo ve\u013ekom! Urobte svoj 10. vklad na SpinBetter a z\u00edskajte 50% bonus plus a\u017e 100 rozto\u010den\u00ed zadarmo. Vernos\u0165 sa tu necen\u00ed len - prin\u00e1\u0161a peniaze a euf\u00f3riu! Nespoma\u013eujte, hrajte vo ve\u013ekom a z\u00edskajte svoje odmeny!\",\"breadcrumb\":{\"@id\":\"https:\/\/spinbetter.guru\/sk\/bonus\/loyalty-pays\/#breadcrumb\"},\"inLanguage\":\"sk-SK\",\"potentialAction\":[{\"@type\":\"ReadAction\",\"target\":[\"https:\/\/spinbetter.guru\/sk\/bonus\/loyalty-pays\/\"]}]},{\"@type\":\"BreadcrumbList\",\"@id\":\"https:\/\/spinbetter.guru\/sk\/bonus\/loyalty-pays\/#breadcrumb\",\"itemListElement\":[{\"@type\":\"ListItem\",\"position\":1,\"name\":\"\u0413\u043b\u0430\u0432\u043d\u0430\u044f \u0441\u0442\u0440\u0430\u043d\u0438\u0446\u0430\",\"item\":\"https:\/\/spinbetter.guru\/sk\/\"},{\"@type\":\"ListItem\",\"position\":2,\"name\":\"Bonus\",\"item\":\"https:\/\/spinbetter.guru\/sk\/bonus\/\"},{\"@type\":\"ListItem\",\"position\":3,\"name\":\"Vernos\u0165 sa vypl\u00e1ca\"}]},{\"@type\":\"WebSite\",\"@id\":\"https:\/\/spinbetter.guru\/sk\/#website\",\"url\":\"https:\/\/spinbetter.guru\/sk\/\",\"name\":\"Spinbetter Plus SK\",\"description\":\"\",\"potentialAction\":[{\"@type\":\"SearchAction\",\"target\":{\"@type\":\"EntryPoint\",\"urlTemplate\":\"https:\/\/spinbetter.guru\/sk\/?s={search_term_string}\"},\"query-input\":{\"@type\":\"PropertyValueSpecification\",\"valueRequired\":true,\"valueName\":\"search_term_string\"}}],\"inLanguage\":\"sk-SK\"}]}<\/script>\n<!-- \/ Yoast SEO plugin. -->","yoast_head_json":{"title":"50% bonus + 100 FS k v\u00e1\u0161mu 10. vkladu na SpinBetter","description":"Je \u010das vyhra\u0165 vo ve\u013ekom! Urobte svoj 10. vklad na SpinBetter a z\u00edskajte 50% bonus plus a\u017e 100 rozto\u010den\u00ed zadarmo. Vernos\u0165 sa tu necen\u00ed len - prin\u00e1\u0161a peniaze a euf\u00f3riu! Nespoma\u013eujte, hrajte vo ve\u013ekom a z\u00edskajte svoje odmeny!","robots":{"index":"index","follow":"follow","max-snippet":"max-snippet:-1","max-image-preview":"max-image-preview:large","max-video-preview":"max-video-preview:-1"},"og_locale":"sk_SK","og_type":"article","og_title":"50% bonus + 100 FS k v\u00e1\u0161mu 10. vkladu na SpinBetter","og_description":"Je \u010das vyhra\u0165 vo ve\u013ekom! Urobte svoj 10. vklad na SpinBetter a z\u00edskajte 50% bonus plus a\u017e 100 rozto\u010den\u00ed zadarmo. Vernos\u0165 sa tu necen\u00ed len - prin\u00e1\u0161a peniaze a euf\u00f3riu! Nespoma\u013eujte, hrajte vo ve\u013ekom a z\u00edskajte svoje odmeny!","og_url":"https:\/\/spinbetter.guru\/sk\/bonus\/loyalty-pays\/","og_site_name":"Spinbetter Plus SK","article_modified_time":"2025-08-27T11:55:19+00:00","twitter_card":"summary_large_image","schema":{"@context":"https:\/\/schema.org","@graph":[{"@type":"WebPage","@id":"https:\/\/spinbetter.guru\/sk\/bonus\/loyalty-pays\/","url":"https:\/\/spinbetter.guru\/sk\/bonus\/loyalty-pays\/","name":"50% bonus + 100 FS k v\u00e1\u0161mu 10. vkladu na SpinBetter","isPartOf":{"@id":"https:\/\/spinbetter.guru\/sk\/#website"},"datePublished":"2025-08-27T11:55:10+00:00","dateModified":"2025-08-27T11:55:19+00:00","description":"Je \u010das vyhra\u0165 vo ve\u013ekom! Urobte svoj 10. vklad na SpinBetter a z\u00edskajte 50% bonus plus a\u017e 100 rozto\u010den\u00ed zadarmo. Vernos\u0165 sa tu necen\u00ed len - prin\u00e1\u0161a peniaze a euf\u00f3riu! Nespoma\u013eujte, hrajte vo ve\u013ekom a z\u00edskajte svoje odmeny!","breadcrumb":{"@id":"https:\/\/spinbetter.guru\/sk\/bonus\/loyalty-pays\/#breadcrumb"},"inLanguage":"sk-SK","potentialAction":[{"@type":"ReadAction","target":["https:\/\/spinbetter.guru\/sk\/bonus\/loyalty-pays\/"]}]},{"@type":"BreadcrumbList","@id":"https:\/\/spinbetter.guru\/sk\/bonus\/loyalty-pays\/#breadcrumb","itemListElement":[{"@type":"ListItem","position":1,"name":"\u0413\u043b\u0430\u0432\u043d\u0430\u044f \u0441\u0442\u0440\u0430\u043d\u0438\u0446\u0430","item":"https:\/\/spinbetter.guru\/sk\/"},{"@type":"ListItem","position":2,"name":"Bonus","item":"https:\/\/spinbetter.guru\/sk\/bonus\/"},{"@type":"ListItem","position":3,"name":"Vernos\u0165 sa vypl\u00e1ca"}]},{"@type":"WebSite","@id":"https:\/\/spinbetter.guru\/sk\/#website","url":"https:\/\/spinbetter.guru\/sk\/","name":"Spinbetter Plus SK","description":"","potentialAction":[{"@type":"SearchAction","target":{"@type":"EntryPoint","urlTemplate":"https:\/\/spinbetter.guru\/sk\/?s={search_term_string}"},"query-input":{"@type":"PropertyValueSpecification","valueRequired":true,"valueName":"search_term_string"}}],"inLanguage":"sk-SK"}]}},"_links":{"self":[{"href":"https:\/\/spinbetter.guru\/sk\/wp-json\/wp\/v2\/pages\/502"}],"collection":[{"href":"https:\/\/spinbetter.guru\/sk\/wp-json\/wp\/v2\/pages"}],"about":[{"href":"https:\/\/spinbetter.guru\/sk\/wp-json\/wp\/v2\/types\/page"}],"author":[{"embeddable":true,"href":"https:\/\/spinbetter.guru\/sk\/wp-json\/wp\/v2\/users\/1"}],"replies":[{"embeddable":true,"href":"https:\/\/spinbetter.guru\/sk\/wp-json\/wp\/v2\/comments?post=502"}],"version-history":[{"count":1,"href":"https:\/\/spinbetter.guru\/sk\/wp-json\/wp\/v2\/pages\/502\/revisions"}],"predecessor-version":[{"id":503,"href":"https:\/\/spinbetter.guru\/sk\/wp-json\/wp\/v2\/pages\/502\/revisions\/503"}],"up":[{"embeddable":true,"href":"https:\/\/spinbetter.guru\/sk\/wp-json\/wp\/v2\/pages\/314"}],"wp:attachment":[{"href":"https:\/\/spinbetter.guru\/sk\/wp-json\/wp\/v2\/media?parent=502"}],"curies":[{"name":"wp","href":"https:\/\/api.w.org\/{rel}","templated":true}]}}