{"id":507,"date":"2025-09-05T07:35:36","date_gmt":"2025-09-05T07:35:36","guid":{"rendered":"https:\/\/spinbetter.guru\/sk\/?page_id=507"},"modified":"2025-09-05T07:35:45","modified_gmt":"2025-09-05T07:35:45","slug":"free-spins-telegram","status":"publish","type":"page","link":"https:\/\/spinbetter.guru\/sk\/bonus\/free-spins-telegram\/","title":{"rendered":"Rozto\u010denia zadarmo"},"content":{"rendered":"","protected":false},"excerpt":{"rendered":"","protected":false},"author":1,"featured_media":0,"parent":314,"menu_order":0,"comment_status":"closed","ping_status":"closed","template":"","meta":{"footnotes":""},"class_list":["post-507","page","type-page","status-publish","hentry"],"yoast_head":"<!-- This site is optimized with the Yoast SEO plugin v23.4 - https:\/\/yoast.com\/wordpress\/plugins\/seo\/ -->\n<title>Z\u00edskajte 100 FS &gt; Exkluz\u00edvna ponuka SpinBetter na Telegrame!<\/title>\n<meta name=\"description\" content=\"Presta\u0148te \u010daka\u0165 a z\u00edskajte svojich 100 rozto\u010den\u00ed zadarmo bez ak\u00fdchko\u013evek probl\u00e9mov! Prihl\u00e1ste sa na odber n\u00e1\u0161ho Telegramu a z\u00edskajte okam\u017eit\u00fd pr\u00edstup k najhor\u00facej\u0161\u00edm a najexkluz\u00edvnej\u0161\u00edm akci\u00e1m SpinBetter. Toto nie je \u017eart - iba skuto\u010dn\u00e9 bonusy!\" \/>\n<meta name=\"robots\" content=\"index, follow, max-snippet:-1, max-image-preview:large, max-video-preview:-1\" \/>\n<meta property=\"og:locale\" content=\"sk_SK\" \/>\n<meta property=\"og:type\" content=\"article\" \/>\n<meta property=\"og:title\" content=\"Z\u00edskajte 100 FS &gt; Exkluz\u00edvna ponuka SpinBetter na Telegrame!\" \/>\n<meta property=\"og:description\" content=\"Presta\u0148te \u010daka\u0165 a z\u00edskajte svojich 100 rozto\u010den\u00ed zadarmo bez ak\u00fdchko\u013evek probl\u00e9mov! Prihl\u00e1ste sa na odber n\u00e1\u0161ho Telegramu a z\u00edskajte okam\u017eit\u00fd pr\u00edstup k najhor\u00facej\u0161\u00edm a najexkluz\u00edvnej\u0161\u00edm akci\u00e1m SpinBetter. Toto nie je \u017eart - iba skuto\u010dn\u00e9 bonusy!\" \/>\n<meta property=\"og:url\" content=\"https:\/\/spinbetter.guru\/sk\/bonus\/free-spins-telegram\/\" \/>\n<meta property=\"og:site_name\" content=\"Spinbetter Plus SK\" \/>\n<meta property=\"article:modified_time\" content=\"2025-09-05T07:35:45+00:00\" \/>\n<meta name=\"twitter:card\" content=\"summary_large_image\" \/>\n<script type=\"application\/ld+json\" class=\"yoast-schema-graph\">{\"@context\":\"https:\/\/schema.org\",\"@graph\":[{\"@type\":\"WebPage\",\"@id\":\"https:\/\/spinbetter.guru\/sk\/bonus\/free-spins-telegram\/\",\"url\":\"https:\/\/spinbetter.guru\/sk\/bonus\/free-spins-telegram\/\",\"name\":\"Z\u00edskajte 100 FS > Exkluz\u00edvna ponuka SpinBetter na Telegrame!\",\"isPartOf\":{\"@id\":\"https:\/\/spinbetter.guru\/sk\/#website\"},\"datePublished\":\"2025-09-05T07:35:36+00:00\",\"dateModified\":\"2025-09-05T07:35:45+00:00\",\"description\":\"Presta\u0148te \u010daka\u0165 a z\u00edskajte svojich 100 rozto\u010den\u00ed zadarmo bez ak\u00fdchko\u013evek probl\u00e9mov! Prihl\u00e1ste sa na odber n\u00e1\u0161ho Telegramu a z\u00edskajte okam\u017eit\u00fd pr\u00edstup k najhor\u00facej\u0161\u00edm a najexkluz\u00edvnej\u0161\u00edm akci\u00e1m SpinBetter. Toto nie je \u017eart - iba skuto\u010dn\u00e9 bonusy!\",\"breadcrumb\":{\"@id\":\"https:\/\/spinbetter.guru\/sk\/bonus\/free-spins-telegram\/#breadcrumb\"},\"inLanguage\":\"sk-SK\",\"potentialAction\":[{\"@type\":\"ReadAction\",\"target\":[\"https:\/\/spinbetter.guru\/sk\/bonus\/free-spins-telegram\/\"]}]},{\"@type\":\"BreadcrumbList\",\"@id\":\"https:\/\/spinbetter.guru\/sk\/bonus\/free-spins-telegram\/#breadcrumb\",\"itemListElement\":[{\"@type\":\"ListItem\",\"position\":1,\"name\":\"\u0413\u043b\u0430\u0432\u043d\u0430\u044f \u0441\u0442\u0440\u0430\u043d\u0438\u0446\u0430\",\"item\":\"https:\/\/spinbetter.guru\/sk\/\"},{\"@type\":\"ListItem\",\"position\":2,\"name\":\"Bonus\",\"item\":\"https:\/\/spinbetter.guru\/sk\/bonus\/\"},{\"@type\":\"ListItem\",\"position\":3,\"name\":\"Rozto\u010denia zadarmo\"}]},{\"@type\":\"WebSite\",\"@id\":\"https:\/\/spinbetter.guru\/sk\/#website\",\"url\":\"https:\/\/spinbetter.guru\/sk\/\",\"name\":\"Spinbetter Plus SK\",\"description\":\"\",\"potentialAction\":[{\"@type\":\"SearchAction\",\"target\":{\"@type\":\"EntryPoint\",\"urlTemplate\":\"https:\/\/spinbetter.guru\/sk\/?s={search_term_string}\"},\"query-input\":{\"@type\":\"PropertyValueSpecification\",\"valueRequired\":true,\"valueName\":\"search_term_string\"}}],\"inLanguage\":\"sk-SK\"}]}<\/script>\n<!-- \/ Yoast SEO plugin. -->","yoast_head_json":{"title":"Z\u00edskajte 100 FS > Exkluz\u00edvna ponuka SpinBetter na Telegrame!","description":"Presta\u0148te \u010daka\u0165 a z\u00edskajte svojich 100 rozto\u010den\u00ed zadarmo bez ak\u00fdchko\u013evek probl\u00e9mov! Prihl\u00e1ste sa na odber n\u00e1\u0161ho Telegramu a z\u00edskajte okam\u017eit\u00fd pr\u00edstup k najhor\u00facej\u0161\u00edm a najexkluz\u00edvnej\u0161\u00edm akci\u00e1m SpinBetter. Toto nie je \u017eart - iba skuto\u010dn\u00e9 bonusy!","robots":{"index":"index","follow":"follow","max-snippet":"max-snippet:-1","max-image-preview":"max-image-preview:large","max-video-preview":"max-video-preview:-1"},"og_locale":"sk_SK","og_type":"article","og_title":"Z\u00edskajte 100 FS > Exkluz\u00edvna ponuka SpinBetter na Telegrame!","og_description":"Presta\u0148te \u010daka\u0165 a z\u00edskajte svojich 100 rozto\u010den\u00ed zadarmo bez ak\u00fdchko\u013evek probl\u00e9mov! Prihl\u00e1ste sa na odber n\u00e1\u0161ho Telegramu a z\u00edskajte okam\u017eit\u00fd pr\u00edstup k najhor\u00facej\u0161\u00edm a najexkluz\u00edvnej\u0161\u00edm akci\u00e1m SpinBetter. Toto nie je \u017eart - iba skuto\u010dn\u00e9 bonusy!","og_url":"https:\/\/spinbetter.guru\/sk\/bonus\/free-spins-telegram\/","og_site_name":"Spinbetter Plus SK","article_modified_time":"2025-09-05T07:35:45+00:00","twitter_card":"summary_large_image","schema":{"@context":"https:\/\/schema.org","@graph":[{"@type":"WebPage","@id":"https:\/\/spinbetter.guru\/sk\/bonus\/free-spins-telegram\/","url":"https:\/\/spinbetter.guru\/sk\/bonus\/free-spins-telegram\/","name":"Z\u00edskajte 100 FS > Exkluz\u00edvna ponuka SpinBetter na Telegrame!","isPartOf":{"@id":"https:\/\/spinbetter.guru\/sk\/#website"},"datePublished":"2025-09-05T07:35:36+00:00","dateModified":"2025-09-05T07:35:45+00:00","description":"Presta\u0148te \u010daka\u0165 a z\u00edskajte svojich 100 rozto\u010den\u00ed zadarmo bez ak\u00fdchko\u013evek probl\u00e9mov! Prihl\u00e1ste sa na odber n\u00e1\u0161ho Telegramu a z\u00edskajte okam\u017eit\u00fd pr\u00edstup k najhor\u00facej\u0161\u00edm a najexkluz\u00edvnej\u0161\u00edm akci\u00e1m SpinBetter. Toto nie je \u017eart - iba skuto\u010dn\u00e9 bonusy!","breadcrumb":{"@id":"https:\/\/spinbetter.guru\/sk\/bonus\/free-spins-telegram\/#breadcrumb"},"inLanguage":"sk-SK","potentialAction":[{"@type":"ReadAction","target":["https:\/\/spinbetter.guru\/sk\/bonus\/free-spins-telegram\/"]}]},{"@type":"BreadcrumbList","@id":"https:\/\/spinbetter.guru\/sk\/bonus\/free-spins-telegram\/#breadcrumb","itemListElement":[{"@type":"ListItem","position":1,"name":"\u0413\u043b\u0430\u0432\u043d\u0430\u044f \u0441\u0442\u0440\u0430\u043d\u0438\u0446\u0430","item":"https:\/\/spinbetter.guru\/sk\/"},{"@type":"ListItem","position":2,"name":"Bonus","item":"https:\/\/spinbetter.guru\/sk\/bonus\/"},{"@type":"ListItem","position":3,"name":"Rozto\u010denia zadarmo"}]},{"@type":"WebSite","@id":"https:\/\/spinbetter.guru\/sk\/#website","url":"https:\/\/spinbetter.guru\/sk\/","name":"Spinbetter Plus SK","description":"","potentialAction":[{"@type":"SearchAction","target":{"@type":"EntryPoint","urlTemplate":"https:\/\/spinbetter.guru\/sk\/?s={search_term_string}"},"query-input":{"@type":"PropertyValueSpecification","valueRequired":true,"valueName":"search_term_string"}}],"inLanguage":"sk-SK"}]}},"_links":{"self":[{"href":"https:\/\/spinbetter.guru\/sk\/wp-json\/wp\/v2\/pages\/507"}],"collection":[{"href":"https:\/\/spinbetter.guru\/sk\/wp-json\/wp\/v2\/pages"}],"about":[{"href":"https:\/\/spinbetter.guru\/sk\/wp-json\/wp\/v2\/types\/page"}],"author":[{"embeddable":true,"href":"https:\/\/spinbetter.guru\/sk\/wp-json\/wp\/v2\/users\/1"}],"replies":[{"embeddable":true,"href":"https:\/\/spinbetter.guru\/sk\/wp-json\/wp\/v2\/comments?post=507"}],"version-history":[{"count":1,"href":"https:\/\/spinbetter.guru\/sk\/wp-json\/wp\/v2\/pages\/507\/revisions"}],"predecessor-version":[{"id":508,"href":"https:\/\/spinbetter.guru\/sk\/wp-json\/wp\/v2\/pages\/507\/revisions\/508"}],"up":[{"embeddable":true,"href":"https:\/\/spinbetter.guru\/sk\/wp-json\/wp\/v2\/pages\/314"}],"wp:attachment":[{"href":"https:\/\/spinbetter.guru\/sk\/wp-json\/wp\/v2\/media?parent=507"}],"curies":[{"name":"wp","href":"https:\/\/api.w.org\/{rel}","templated":true}]}}