{"id":242,"date":"2024-11-04T09:16:35","date_gmt":"2024-11-04T09:16:35","guid":{"rendered":"https:\/\/spinbetter.guru\/sl\/?page_id=242"},"modified":"2025-09-24T17:49:23","modified_gmt":"2025-09-24T17:49:23","slug":"login","status":"publish","type":"page","link":"https:\/\/spinbetter.guru\/sl\/login\/","title":{"rendered":"Prijava"},"content":{"rendered":"","protected":false},"excerpt":{"rendered":"","protected":false},"author":1,"featured_media":0,"parent":0,"menu_order":0,"comment_status":"closed","ping_status":"closed","template":"","meta":{"footnotes":""},"class_list":["post-242","page","type-page","status-publish","hentry"],"yoast_head":"<!-- This site is optimized with the Yoast SEO plugin v23.4 - https:\/\/yoast.com\/wordpress\/plugins\/seo\/ -->\n<title>SpinBetter Prijava &gt; Dostop do najbolj\u0161ih bonusov in iger!<\/title>\n<meta name=\"description\" content=\"Poobrnite se na SpinBetter za popoln dostop do razburljivih iger, bonusov in takoj\u0161njih izpla\u010dil. Prijavite se v svoj ra\u010dun in za\u010dnite zmagovati!\" \/>\n<meta name=\"robots\" content=\"index, follow, max-snippet:-1, max-image-preview:large, max-video-preview:-1\" \/>\n<meta property=\"og:locale\" content=\"sl_SI\" \/>\n<meta property=\"og:type\" content=\"article\" \/>\n<meta property=\"og:title\" content=\"SpinBetter Prijava &gt; Dostop do najbolj\u0161ih bonusov in iger!\" \/>\n<meta property=\"og:description\" content=\"Poobrnite se na SpinBetter za popoln dostop do razburljivih iger, bonusov in takoj\u0161njih izpla\u010dil. Prijavite se v svoj ra\u010dun in za\u010dnite zmagovati!\" \/>\n<meta property=\"og:url\" content=\"https:\/\/spinbetter.guru\/sl\/login\/\" \/>\n<meta property=\"og:site_name\" content=\"SpinBetter Plus SL\" \/>\n<meta property=\"article:modified_time\" content=\"2025-09-24T17:49:23+00:00\" \/>\n<meta name=\"twitter:card\" content=\"summary_large_image\" \/>\n<script type=\"application\/ld+json\" class=\"yoast-schema-graph\">{\"@context\":\"https:\/\/schema.org\",\"@graph\":[{\"@type\":\"WebPage\",\"@id\":\"https:\/\/spinbetter.guru\/sl\/login\/\",\"url\":\"https:\/\/spinbetter.guru\/sl\/login\/\",\"name\":\"SpinBetter Prijava > Dostop do najbolj\u0161ih bonusov in iger!\",\"isPartOf\":{\"@id\":\"https:\/\/spinbetter.guru\/sl\/#website\"},\"datePublished\":\"2024-11-04T09:16:35+00:00\",\"dateModified\":\"2025-09-24T17:49:23+00:00\",\"description\":\"Poobrnite se na SpinBetter za popoln dostop do razburljivih iger, bonusov in takoj\u0161njih izpla\u010dil. Prijavite se v svoj ra\u010dun in za\u010dnite zmagovati!\",\"breadcrumb\":{\"@id\":\"https:\/\/spinbetter.guru\/sl\/login\/#breadcrumb\"},\"inLanguage\":\"sl-SI\",\"potentialAction\":[{\"@type\":\"ReadAction\",\"target\":[\"https:\/\/spinbetter.guru\/sl\/login\/\"]}]},{\"@type\":\"BreadcrumbList\",\"@id\":\"https:\/\/spinbetter.guru\/sl\/login\/#breadcrumb\",\"itemListElement\":[{\"@type\":\"ListItem\",\"position\":1,\"name\":\"\u0413\u043b\u0430\u0432\u043d\u0430\u044f \u0441\u0442\u0440\u0430\u043d\u0438\u0446\u0430\",\"item\":\"https:\/\/spinbetter.guru\/sl\/\"},{\"@type\":\"ListItem\",\"position\":2,\"name\":\"Prijava\"}]},{\"@type\":\"WebSite\",\"@id\":\"https:\/\/spinbetter.guru\/sl\/#website\",\"url\":\"https:\/\/spinbetter.guru\/sl\/\",\"name\":\"SpinBetter Plus SL\",\"description\":\"\",\"potentialAction\":[{\"@type\":\"SearchAction\",\"target\":{\"@type\":\"EntryPoint\",\"urlTemplate\":\"https:\/\/spinbetter.guru\/sl\/?s={search_term_string}\"},\"query-input\":{\"@type\":\"PropertyValueSpecification\",\"valueRequired\":true,\"valueName\":\"search_term_string\"}}],\"inLanguage\":\"sl-SI\"}]}<\/script>\n<!-- \/ Yoast SEO plugin. -->","yoast_head_json":{"title":"SpinBetter Prijava > Dostop do najbolj\u0161ih bonusov in iger!","description":"Poobrnite se na SpinBetter za popoln dostop do razburljivih iger, bonusov in takoj\u0161njih izpla\u010dil. Prijavite se v svoj ra\u010dun in za\u010dnite zmagovati!","robots":{"index":"index","follow":"follow","max-snippet":"max-snippet:-1","max-image-preview":"max-image-preview:large","max-video-preview":"max-video-preview:-1"},"og_locale":"sl_SI","og_type":"article","og_title":"SpinBetter Prijava > Dostop do najbolj\u0161ih bonusov in iger!","og_description":"Poobrnite se na SpinBetter za popoln dostop do razburljivih iger, bonusov in takoj\u0161njih izpla\u010dil. Prijavite se v svoj ra\u010dun in za\u010dnite zmagovati!","og_url":"https:\/\/spinbetter.guru\/sl\/login\/","og_site_name":"SpinBetter Plus SL","article_modified_time":"2025-09-24T17:49:23+00:00","twitter_card":"summary_large_image","schema":{"@context":"https:\/\/schema.org","@graph":[{"@type":"WebPage","@id":"https:\/\/spinbetter.guru\/sl\/login\/","url":"https:\/\/spinbetter.guru\/sl\/login\/","name":"SpinBetter Prijava > Dostop do najbolj\u0161ih bonusov in iger!","isPartOf":{"@id":"https:\/\/spinbetter.guru\/sl\/#website"},"datePublished":"2024-11-04T09:16:35+00:00","dateModified":"2025-09-24T17:49:23+00:00","description":"Poobrnite se na SpinBetter za popoln dostop do razburljivih iger, bonusov in takoj\u0161njih izpla\u010dil. Prijavite se v svoj ra\u010dun in za\u010dnite zmagovati!","breadcrumb":{"@id":"https:\/\/spinbetter.guru\/sl\/login\/#breadcrumb"},"inLanguage":"sl-SI","potentialAction":[{"@type":"ReadAction","target":["https:\/\/spinbetter.guru\/sl\/login\/"]}]},{"@type":"BreadcrumbList","@id":"https:\/\/spinbetter.guru\/sl\/login\/#breadcrumb","itemListElement":[{"@type":"ListItem","position":1,"name":"\u0413\u043b\u0430\u0432\u043d\u0430\u044f \u0441\u0442\u0440\u0430\u043d\u0438\u0446\u0430","item":"https:\/\/spinbetter.guru\/sl\/"},{"@type":"ListItem","position":2,"name":"Prijava"}]},{"@type":"WebSite","@id":"https:\/\/spinbetter.guru\/sl\/#website","url":"https:\/\/spinbetter.guru\/sl\/","name":"SpinBetter Plus SL","description":"","potentialAction":[{"@type":"SearchAction","target":{"@type":"EntryPoint","urlTemplate":"https:\/\/spinbetter.guru\/sl\/?s={search_term_string}"},"query-input":{"@type":"PropertyValueSpecification","valueRequired":true,"valueName":"search_term_string"}}],"inLanguage":"sl-SI"}]}},"_links":{"self":[{"href":"https:\/\/spinbetter.guru\/sl\/wp-json\/wp\/v2\/pages\/242"}],"collection":[{"href":"https:\/\/spinbetter.guru\/sl\/wp-json\/wp\/v2\/pages"}],"about":[{"href":"https:\/\/spinbetter.guru\/sl\/wp-json\/wp\/v2\/types\/page"}],"author":[{"embeddable":true,"href":"https:\/\/spinbetter.guru\/sl\/wp-json\/wp\/v2\/users\/1"}],"replies":[{"embeddable":true,"href":"https:\/\/spinbetter.guru\/sl\/wp-json\/wp\/v2\/comments?post=242"}],"version-history":[{"count":17,"href":"https:\/\/spinbetter.guru\/sl\/wp-json\/wp\/v2\/pages\/242\/revisions"}],"predecessor-version":[{"id":511,"href":"https:\/\/spinbetter.guru\/sl\/wp-json\/wp\/v2\/pages\/242\/revisions\/511"}],"wp:attachment":[{"href":"https:\/\/spinbetter.guru\/sl\/wp-json\/wp\/v2\/media?parent=242"}],"curies":[{"name":"wp","href":"https:\/\/api.w.org\/{rel}","templated":true}]}}