{"id":503,"date":"2025-09-05T07:39:07","date_gmt":"2025-09-05T07:39:07","guid":{"rendered":"https:\/\/spinbetter.guru\/sl\/?page_id=503"},"modified":"2025-09-05T07:39:15","modified_gmt":"2025-09-05T07:39:15","slug":"free-spins-telegram","status":"publish","type":"page","link":"https:\/\/spinbetter.guru\/sl\/bonus\/free-spins-telegram\/","title":{"rendered":"Brezpla\u010dni vrtljaji"},"content":{"rendered":"","protected":false},"excerpt":{"rendered":"","protected":false},"author":1,"featured_media":0,"parent":314,"menu_order":0,"comment_status":"closed","ping_status":"closed","template":"","meta":{"footnotes":""},"class_list":["post-503","page","type-page","status-publish","hentry"],"yoast_head":"<!-- This site is optimized with the Yoast SEO plugin v23.4 - https:\/\/yoast.com\/wordpress\/plugins\/seo\/ -->\n<title>Zahtevajte 100 FS &gt; Ponudba SpinBetter na Telegramu!<\/title>\n<meta name=\"description\" content=\"Ne \u010dakajte, brez te\u017eav prejmite svojih 100 brezpla\u010dnih vrtljajev! Naro\u010dite se na na\u0161 Telegram in takoj dostopajte do najbolj vro\u010dih in ekskluzivnih promocij SpinBetter. To ni \u0161ala - samo pravi bonusi!\" \/>\n<meta name=\"robots\" content=\"index, follow, max-snippet:-1, max-image-preview:large, max-video-preview:-1\" \/>\n<meta property=\"og:locale\" content=\"sl_SI\" \/>\n<meta property=\"og:type\" content=\"article\" \/>\n<meta property=\"og:title\" content=\"Zahtevajte 100 FS &gt; Ponudba SpinBetter na Telegramu!\" \/>\n<meta property=\"og:description\" content=\"Ne \u010dakajte, brez te\u017eav prejmite svojih 100 brezpla\u010dnih vrtljajev! Naro\u010dite se na na\u0161 Telegram in takoj dostopajte do najbolj vro\u010dih in ekskluzivnih promocij SpinBetter. To ni \u0161ala - samo pravi bonusi!\" \/>\n<meta property=\"og:url\" content=\"https:\/\/spinbetter.guru\/sl\/bonus\/free-spins-telegram\/\" \/>\n<meta property=\"og:site_name\" content=\"SpinBetter Plus SL\" \/>\n<meta property=\"article:modified_time\" content=\"2025-09-05T07:39:15+00:00\" \/>\n<meta name=\"twitter:card\" content=\"summary_large_image\" \/>\n<script type=\"application\/ld+json\" class=\"yoast-schema-graph\">{\"@context\":\"https:\/\/schema.org\",\"@graph\":[{\"@type\":\"WebPage\",\"@id\":\"https:\/\/spinbetter.guru\/sl\/bonus\/free-spins-telegram\/\",\"url\":\"https:\/\/spinbetter.guru\/sl\/bonus\/free-spins-telegram\/\",\"name\":\"Zahtevajte 100 FS > Ponudba SpinBetter na Telegramu!\",\"isPartOf\":{\"@id\":\"https:\/\/spinbetter.guru\/sl\/#website\"},\"datePublished\":\"2025-09-05T07:39:07+00:00\",\"dateModified\":\"2025-09-05T07:39:15+00:00\",\"description\":\"Ne \u010dakajte, brez te\u017eav prejmite svojih 100 brezpla\u010dnih vrtljajev! Naro\u010dite se na na\u0161 Telegram in takoj dostopajte do najbolj vro\u010dih in ekskluzivnih promocij SpinBetter. To ni \u0161ala - samo pravi bonusi!\",\"breadcrumb\":{\"@id\":\"https:\/\/spinbetter.guru\/sl\/bonus\/free-spins-telegram\/#breadcrumb\"},\"inLanguage\":\"sl-SI\",\"potentialAction\":[{\"@type\":\"ReadAction\",\"target\":[\"https:\/\/spinbetter.guru\/sl\/bonus\/free-spins-telegram\/\"]}]},{\"@type\":\"BreadcrumbList\",\"@id\":\"https:\/\/spinbetter.guru\/sl\/bonus\/free-spins-telegram\/#breadcrumb\",\"itemListElement\":[{\"@type\":\"ListItem\",\"position\":1,\"name\":\"\u0413\u043b\u0430\u0432\u043d\u0430\u044f \u0441\u0442\u0440\u0430\u043d\u0438\u0446\u0430\",\"item\":\"https:\/\/spinbetter.guru\/sl\/\"},{\"@type\":\"ListItem\",\"position\":2,\"name\":\"Bonus\",\"item\":\"https:\/\/spinbetter.guru\/sl\/bonus\/\"},{\"@type\":\"ListItem\",\"position\":3,\"name\":\"Brezpla\u010dni vrtljaji\"}]},{\"@type\":\"WebSite\",\"@id\":\"https:\/\/spinbetter.guru\/sl\/#website\",\"url\":\"https:\/\/spinbetter.guru\/sl\/\",\"name\":\"SpinBetter Plus SL\",\"description\":\"\",\"potentialAction\":[{\"@type\":\"SearchAction\",\"target\":{\"@type\":\"EntryPoint\",\"urlTemplate\":\"https:\/\/spinbetter.guru\/sl\/?s={search_term_string}\"},\"query-input\":{\"@type\":\"PropertyValueSpecification\",\"valueRequired\":true,\"valueName\":\"search_term_string\"}}],\"inLanguage\":\"sl-SI\"}]}<\/script>\n<!-- \/ Yoast SEO plugin. -->","yoast_head_json":{"title":"Zahtevajte 100 FS > Ponudba SpinBetter na Telegramu!","description":"Ne \u010dakajte, brez te\u017eav prejmite svojih 100 brezpla\u010dnih vrtljajev! Naro\u010dite se na na\u0161 Telegram in takoj dostopajte do najbolj vro\u010dih in ekskluzivnih promocij SpinBetter. To ni \u0161ala - samo pravi bonusi!","robots":{"index":"index","follow":"follow","max-snippet":"max-snippet:-1","max-image-preview":"max-image-preview:large","max-video-preview":"max-video-preview:-1"},"og_locale":"sl_SI","og_type":"article","og_title":"Zahtevajte 100 FS > Ponudba SpinBetter na Telegramu!","og_description":"Ne \u010dakajte, brez te\u017eav prejmite svojih 100 brezpla\u010dnih vrtljajev! Naro\u010dite se na na\u0161 Telegram in takoj dostopajte do najbolj vro\u010dih in ekskluzivnih promocij SpinBetter. To ni \u0161ala - samo pravi bonusi!","og_url":"https:\/\/spinbetter.guru\/sl\/bonus\/free-spins-telegram\/","og_site_name":"SpinBetter Plus SL","article_modified_time":"2025-09-05T07:39:15+00:00","twitter_card":"summary_large_image","schema":{"@context":"https:\/\/schema.org","@graph":[{"@type":"WebPage","@id":"https:\/\/spinbetter.guru\/sl\/bonus\/free-spins-telegram\/","url":"https:\/\/spinbetter.guru\/sl\/bonus\/free-spins-telegram\/","name":"Zahtevajte 100 FS > Ponudba SpinBetter na Telegramu!","isPartOf":{"@id":"https:\/\/spinbetter.guru\/sl\/#website"},"datePublished":"2025-09-05T07:39:07+00:00","dateModified":"2025-09-05T07:39:15+00:00","description":"Ne \u010dakajte, brez te\u017eav prejmite svojih 100 brezpla\u010dnih vrtljajev! Naro\u010dite se na na\u0161 Telegram in takoj dostopajte do najbolj vro\u010dih in ekskluzivnih promocij SpinBetter. To ni \u0161ala - samo pravi bonusi!","breadcrumb":{"@id":"https:\/\/spinbetter.guru\/sl\/bonus\/free-spins-telegram\/#breadcrumb"},"inLanguage":"sl-SI","potentialAction":[{"@type":"ReadAction","target":["https:\/\/spinbetter.guru\/sl\/bonus\/free-spins-telegram\/"]}]},{"@type":"BreadcrumbList","@id":"https:\/\/spinbetter.guru\/sl\/bonus\/free-spins-telegram\/#breadcrumb","itemListElement":[{"@type":"ListItem","position":1,"name":"\u0413\u043b\u0430\u0432\u043d\u0430\u044f \u0441\u0442\u0440\u0430\u043d\u0438\u0446\u0430","item":"https:\/\/spinbetter.guru\/sl\/"},{"@type":"ListItem","position":2,"name":"Bonus","item":"https:\/\/spinbetter.guru\/sl\/bonus\/"},{"@type":"ListItem","position":3,"name":"Brezpla\u010dni vrtljaji"}]},{"@type":"WebSite","@id":"https:\/\/spinbetter.guru\/sl\/#website","url":"https:\/\/spinbetter.guru\/sl\/","name":"SpinBetter Plus SL","description":"","potentialAction":[{"@type":"SearchAction","target":{"@type":"EntryPoint","urlTemplate":"https:\/\/spinbetter.guru\/sl\/?s={search_term_string}"},"query-input":{"@type":"PropertyValueSpecification","valueRequired":true,"valueName":"search_term_string"}}],"inLanguage":"sl-SI"}]}},"_links":{"self":[{"href":"https:\/\/spinbetter.guru\/sl\/wp-json\/wp\/v2\/pages\/503"}],"collection":[{"href":"https:\/\/spinbetter.guru\/sl\/wp-json\/wp\/v2\/pages"}],"about":[{"href":"https:\/\/spinbetter.guru\/sl\/wp-json\/wp\/v2\/types\/page"}],"author":[{"embeddable":true,"href":"https:\/\/spinbetter.guru\/sl\/wp-json\/wp\/v2\/users\/1"}],"replies":[{"embeddable":true,"href":"https:\/\/spinbetter.guru\/sl\/wp-json\/wp\/v2\/comments?post=503"}],"version-history":[{"count":1,"href":"https:\/\/spinbetter.guru\/sl\/wp-json\/wp\/v2\/pages\/503\/revisions"}],"predecessor-version":[{"id":504,"href":"https:\/\/spinbetter.guru\/sl\/wp-json\/wp\/v2\/pages\/503\/revisions\/504"}],"up":[{"embeddable":true,"href":"https:\/\/spinbetter.guru\/sl\/wp-json\/wp\/v2\/pages\/314"}],"wp:attachment":[{"href":"https:\/\/spinbetter.guru\/sl\/wp-json\/wp\/v2\/media?parent=503"}],"curies":[{"name":"wp","href":"https:\/\/api.w.org\/{rel}","templated":true}]}}