{"id":242,"date":"2024-11-04T09:16:35","date_gmt":"2024-11-04T09:16:35","guid":{"rendered":"https:\/\/spinbetter.guru\/tr\/?page_id=242"},"modified":"2025-08-08T14:03:21","modified_gmt":"2025-08-08T14:03:21","slug":"login","status":"publish","type":"page","link":"https:\/\/spinbetter.guru\/tr\/login\/","title":{"rendered":"Oturum a\u00e7"},"content":{"rendered":"","protected":false},"excerpt":{"rendered":"","protected":false},"author":1,"featured_media":0,"parent":0,"menu_order":0,"comment_status":"closed","ping_status":"closed","template":"","meta":{"footnotes":""},"class_list":["post-242","page","type-page","status-publish","hentry"],"yoast_head":"<!-- This site is optimized with the Yoast SEO plugin v23.4 - https:\/\/yoast.com\/wordpress\/plugins\/seo\/ -->\n<title>SpinBetter Giri\u015f &gt; En iyi bonuslara ve oyunlara eri\u015fim!<\/title>\n<meta name=\"description\" content=\"SpinBetter&#039;da heyecan verici oyunlara ve an\u0131nda \u00f6demelere tam eri\u015fim i\u00e7in yetkilendirin. Hesab\u0131n\u0131za giri\u015f yap\u0131n ve kazanmaya ba\u015flay\u0131n!\" \/>\n<meta name=\"robots\" content=\"index, follow, max-snippet:-1, max-image-preview:large, max-video-preview:-1\" \/>\n<meta property=\"og:locale\" content=\"tr_TR\" \/>\n<meta property=\"og:type\" content=\"article\" \/>\n<meta property=\"og:title\" content=\"SpinBetter Giri\u015f &gt; En iyi bonuslara ve oyunlara eri\u015fim!\" \/>\n<meta property=\"og:description\" content=\"SpinBetter&#039;da heyecan verici oyunlara ve an\u0131nda \u00f6demelere tam eri\u015fim i\u00e7in yetkilendirin. Hesab\u0131n\u0131za giri\u015f yap\u0131n ve kazanmaya ba\u015flay\u0131n!\" \/>\n<meta property=\"og:url\" content=\"https:\/\/spinbetter.guru\/tr\/login\/\" \/>\n<meta property=\"og:site_name\" content=\"Spinbetter plus TR\" \/>\n<meta property=\"article:modified_time\" content=\"2025-08-08T14:03:21+00:00\" \/>\n<meta name=\"twitter:card\" content=\"summary_large_image\" \/>\n<script type=\"application\/ld+json\" class=\"yoast-schema-graph\">{\"@context\":\"https:\/\/schema.org\",\"@graph\":[{\"@type\":\"WebPage\",\"@id\":\"https:\/\/spinbetter.guru\/tr\/login\/\",\"url\":\"https:\/\/spinbetter.guru\/tr\/login\/\",\"name\":\"SpinBetter Giri\u015f > En iyi bonuslara ve oyunlara eri\u015fim!\",\"isPartOf\":{\"@id\":\"https:\/\/spinbetter.guru\/tr\/#website\"},\"datePublished\":\"2024-11-04T09:16:35+00:00\",\"dateModified\":\"2025-08-08T14:03:21+00:00\",\"description\":\"SpinBetter'da heyecan verici oyunlara ve an\u0131nda \u00f6demelere tam eri\u015fim i\u00e7in yetkilendirin. Hesab\u0131n\u0131za giri\u015f yap\u0131n ve kazanmaya ba\u015flay\u0131n!\",\"breadcrumb\":{\"@id\":\"https:\/\/spinbetter.guru\/tr\/login\/#breadcrumb\"},\"inLanguage\":\"tr\",\"potentialAction\":[{\"@type\":\"ReadAction\",\"target\":[\"https:\/\/spinbetter.guru\/tr\/login\/\"]}]},{\"@type\":\"BreadcrumbList\",\"@id\":\"https:\/\/spinbetter.guru\/tr\/login\/#breadcrumb\",\"itemListElement\":[{\"@type\":\"ListItem\",\"position\":1,\"name\":\"\u0413\u043b\u0430\u0432\u043d\u0430\u044f \u0441\u0442\u0440\u0430\u043d\u0438\u0446\u0430\",\"item\":\"https:\/\/spinbetter.guru\/tr\/\"},{\"@type\":\"ListItem\",\"position\":2,\"name\":\"Oturum a\u00e7\"}]},{\"@type\":\"WebSite\",\"@id\":\"https:\/\/spinbetter.guru\/tr\/#website\",\"url\":\"https:\/\/spinbetter.guru\/tr\/\",\"name\":\"Spinbetter plus TR\",\"description\":\"\",\"potentialAction\":[{\"@type\":\"SearchAction\",\"target\":{\"@type\":\"EntryPoint\",\"urlTemplate\":\"https:\/\/spinbetter.guru\/tr\/?s={search_term_string}\"},\"query-input\":{\"@type\":\"PropertyValueSpecification\",\"valueRequired\":true,\"valueName\":\"search_term_string\"}}],\"inLanguage\":\"tr\"}]}<\/script>\n<!-- \/ Yoast SEO plugin. -->","yoast_head_json":{"title":"SpinBetter Giri\u015f > En iyi bonuslara ve oyunlara eri\u015fim!","description":"SpinBetter'da heyecan verici oyunlara ve an\u0131nda \u00f6demelere tam eri\u015fim i\u00e7in yetkilendirin. Hesab\u0131n\u0131za giri\u015f yap\u0131n ve kazanmaya ba\u015flay\u0131n!","robots":{"index":"index","follow":"follow","max-snippet":"max-snippet:-1","max-image-preview":"max-image-preview:large","max-video-preview":"max-video-preview:-1"},"og_locale":"tr_TR","og_type":"article","og_title":"SpinBetter Giri\u015f > En iyi bonuslara ve oyunlara eri\u015fim!","og_description":"SpinBetter'da heyecan verici oyunlara ve an\u0131nda \u00f6demelere tam eri\u015fim i\u00e7in yetkilendirin. Hesab\u0131n\u0131za giri\u015f yap\u0131n ve kazanmaya ba\u015flay\u0131n!","og_url":"https:\/\/spinbetter.guru\/tr\/login\/","og_site_name":"Spinbetter plus TR","article_modified_time":"2025-08-08T14:03:21+00:00","twitter_card":"summary_large_image","schema":{"@context":"https:\/\/schema.org","@graph":[{"@type":"WebPage","@id":"https:\/\/spinbetter.guru\/tr\/login\/","url":"https:\/\/spinbetter.guru\/tr\/login\/","name":"SpinBetter Giri\u015f > En iyi bonuslara ve oyunlara eri\u015fim!","isPartOf":{"@id":"https:\/\/spinbetter.guru\/tr\/#website"},"datePublished":"2024-11-04T09:16:35+00:00","dateModified":"2025-08-08T14:03:21+00:00","description":"SpinBetter'da heyecan verici oyunlara ve an\u0131nda \u00f6demelere tam eri\u015fim i\u00e7in yetkilendirin. Hesab\u0131n\u0131za giri\u015f yap\u0131n ve kazanmaya ba\u015flay\u0131n!","breadcrumb":{"@id":"https:\/\/spinbetter.guru\/tr\/login\/#breadcrumb"},"inLanguage":"tr","potentialAction":[{"@type":"ReadAction","target":["https:\/\/spinbetter.guru\/tr\/login\/"]}]},{"@type":"BreadcrumbList","@id":"https:\/\/spinbetter.guru\/tr\/login\/#breadcrumb","itemListElement":[{"@type":"ListItem","position":1,"name":"\u0413\u043b\u0430\u0432\u043d\u0430\u044f \u0441\u0442\u0440\u0430\u043d\u0438\u0446\u0430","item":"https:\/\/spinbetter.guru\/tr\/"},{"@type":"ListItem","position":2,"name":"Oturum a\u00e7"}]},{"@type":"WebSite","@id":"https:\/\/spinbetter.guru\/tr\/#website","url":"https:\/\/spinbetter.guru\/tr\/","name":"Spinbetter plus TR","description":"","potentialAction":[{"@type":"SearchAction","target":{"@type":"EntryPoint","urlTemplate":"https:\/\/spinbetter.guru\/tr\/?s={search_term_string}"},"query-input":{"@type":"PropertyValueSpecification","valueRequired":true,"valueName":"search_term_string"}}],"inLanguage":"tr"}]}},"_links":{"self":[{"href":"https:\/\/spinbetter.guru\/tr\/wp-json\/wp\/v2\/pages\/242"}],"collection":[{"href":"https:\/\/spinbetter.guru\/tr\/wp-json\/wp\/v2\/pages"}],"about":[{"href":"https:\/\/spinbetter.guru\/tr\/wp-json\/wp\/v2\/types\/page"}],"author":[{"embeddable":true,"href":"https:\/\/spinbetter.guru\/tr\/wp-json\/wp\/v2\/users\/1"}],"replies":[{"embeddable":true,"href":"https:\/\/spinbetter.guru\/tr\/wp-json\/wp\/v2\/comments?post=242"}],"version-history":[{"count":16,"href":"https:\/\/spinbetter.guru\/tr\/wp-json\/wp\/v2\/pages\/242\/revisions"}],"predecessor-version":[{"id":538,"href":"https:\/\/spinbetter.guru\/tr\/wp-json\/wp\/v2\/pages\/242\/revisions\/538"}],"wp:attachment":[{"href":"https:\/\/spinbetter.guru\/tr\/wp-json\/wp\/v2\/media?parent=242"}],"curies":[{"name":"wp","href":"https:\/\/api.w.org\/{rel}","templated":true}]}}