{"id":318,"date":"2024-11-04T09:16:20","date_gmt":"2024-11-04T09:16:20","guid":{"rendered":"https:\/\/spinbetter.guru\/tr\/?page_id=318"},"modified":"2025-09-24T13:25:42","modified_gmt":"2025-09-24T13:25:42","slug":"free-spins","status":"publish","type":"page","link":"https:\/\/spinbetter.guru\/tr\/free-spins\/","title":{"rendered":"Bedava D\u00f6nd\u00fcrmeler"},"content":{"rendered":"","protected":false},"excerpt":{"rendered":"","protected":false},"author":1,"featured_media":0,"parent":0,"menu_order":0,"comment_status":"closed","ping_status":"closed","template":"","meta":{"footnotes":""},"class_list":["post-318","page","type-page","status-publish","hentry"],"yoast_head":"<!-- This site is optimized with the Yoast SEO plugin v23.4 - https:\/\/yoast.com\/wordpress\/plugins\/seo\/ -->\n<title>SpinBetter \u00dccretsiz D\u00f6nd\u00fcrme &gt; Oynay\u0131n ve h\u0131zl\u0131ca kazan\u0131n<\/title>\n<meta name=\"description\" content=\"SpinBetter&#039;\u0131n \u00fccretsiz d\u00f6n\u00fc\u015flerini kullan\u0131n ve en iyi slotlarda \u015fans\u0131n\u0131z\u0131 deneyin! Yeni ve d\u00fczenli oyuncular i\u00e7in \u00f6zel teklifler.\" \/>\n<meta name=\"robots\" content=\"index, follow, max-snippet:-1, max-image-preview:large, max-video-preview:-1\" \/>\n<meta property=\"og:locale\" content=\"tr_TR\" \/>\n<meta property=\"og:type\" content=\"article\" \/>\n<meta property=\"og:title\" content=\"SpinBetter \u00dccretsiz D\u00f6nd\u00fcrme &gt; Oynay\u0131n ve h\u0131zl\u0131ca kazan\u0131n\" \/>\n<meta property=\"og:description\" content=\"SpinBetter&#039;\u0131n \u00fccretsiz d\u00f6n\u00fc\u015flerini kullan\u0131n ve en iyi slotlarda \u015fans\u0131n\u0131z\u0131 deneyin! Yeni ve d\u00fczenli oyuncular i\u00e7in \u00f6zel teklifler.\" \/>\n<meta property=\"og:url\" content=\"https:\/\/spinbetter.guru\/tr\/free-spins\/\" \/>\n<meta property=\"og:site_name\" content=\"Spinbetter plus TR\" \/>\n<meta property=\"article:modified_time\" content=\"2025-09-24T13:25:42+00:00\" \/>\n<meta name=\"twitter:card\" content=\"summary_large_image\" \/>\n<script type=\"application\/ld+json\" class=\"yoast-schema-graph\">{\"@context\":\"https:\/\/schema.org\",\"@graph\":[{\"@type\":\"WebPage\",\"@id\":\"https:\/\/spinbetter.guru\/tr\/free-spins\/\",\"url\":\"https:\/\/spinbetter.guru\/tr\/free-spins\/\",\"name\":\"SpinBetter \u00dccretsiz D\u00f6nd\u00fcrme > Oynay\u0131n ve h\u0131zl\u0131ca kazan\u0131n\",\"isPartOf\":{\"@id\":\"https:\/\/spinbetter.guru\/tr\/#website\"},\"datePublished\":\"2024-11-04T09:16:20+00:00\",\"dateModified\":\"2025-09-24T13:25:42+00:00\",\"description\":\"SpinBetter'\u0131n \u00fccretsiz d\u00f6n\u00fc\u015flerini kullan\u0131n ve en iyi slotlarda \u015fans\u0131n\u0131z\u0131 deneyin! Yeni ve d\u00fczenli oyuncular i\u00e7in \u00f6zel teklifler.\",\"breadcrumb\":{\"@id\":\"https:\/\/spinbetter.guru\/tr\/free-spins\/#breadcrumb\"},\"inLanguage\":\"tr\",\"potentialAction\":[{\"@type\":\"ReadAction\",\"target\":[\"https:\/\/spinbetter.guru\/tr\/free-spins\/\"]}]},{\"@type\":\"BreadcrumbList\",\"@id\":\"https:\/\/spinbetter.guru\/tr\/free-spins\/#breadcrumb\",\"itemListElement\":[{\"@type\":\"ListItem\",\"position\":1,\"name\":\"\u0413\u043b\u0430\u0432\u043d\u0430\u044f \u0441\u0442\u0440\u0430\u043d\u0438\u0446\u0430\",\"item\":\"https:\/\/spinbetter.guru\/tr\/\"},{\"@type\":\"ListItem\",\"position\":2,\"name\":\"Bedava D\u00f6nd\u00fcrmeler\"}]},{\"@type\":\"WebSite\",\"@id\":\"https:\/\/spinbetter.guru\/tr\/#website\",\"url\":\"https:\/\/spinbetter.guru\/tr\/\",\"name\":\"Spinbetter plus TR\",\"description\":\"\",\"potentialAction\":[{\"@type\":\"SearchAction\",\"target\":{\"@type\":\"EntryPoint\",\"urlTemplate\":\"https:\/\/spinbetter.guru\/tr\/?s={search_term_string}\"},\"query-input\":{\"@type\":\"PropertyValueSpecification\",\"valueRequired\":true,\"valueName\":\"search_term_string\"}}],\"inLanguage\":\"tr\"}]}<\/script>\n<!-- \/ Yoast SEO plugin. -->","yoast_head_json":{"title":"SpinBetter \u00dccretsiz D\u00f6nd\u00fcrme > Oynay\u0131n ve h\u0131zl\u0131ca kazan\u0131n","description":"SpinBetter'\u0131n \u00fccretsiz d\u00f6n\u00fc\u015flerini kullan\u0131n ve en iyi slotlarda \u015fans\u0131n\u0131z\u0131 deneyin! Yeni ve d\u00fczenli oyuncular i\u00e7in \u00f6zel teklifler.","robots":{"index":"index","follow":"follow","max-snippet":"max-snippet:-1","max-image-preview":"max-image-preview:large","max-video-preview":"max-video-preview:-1"},"og_locale":"tr_TR","og_type":"article","og_title":"SpinBetter \u00dccretsiz D\u00f6nd\u00fcrme > Oynay\u0131n ve h\u0131zl\u0131ca kazan\u0131n","og_description":"SpinBetter'\u0131n \u00fccretsiz d\u00f6n\u00fc\u015flerini kullan\u0131n ve en iyi slotlarda \u015fans\u0131n\u0131z\u0131 deneyin! Yeni ve d\u00fczenli oyuncular i\u00e7in \u00f6zel teklifler.","og_url":"https:\/\/spinbetter.guru\/tr\/free-spins\/","og_site_name":"Spinbetter plus TR","article_modified_time":"2025-09-24T13:25:42+00:00","twitter_card":"summary_large_image","schema":{"@context":"https:\/\/schema.org","@graph":[{"@type":"WebPage","@id":"https:\/\/spinbetter.guru\/tr\/free-spins\/","url":"https:\/\/spinbetter.guru\/tr\/free-spins\/","name":"SpinBetter \u00dccretsiz D\u00f6nd\u00fcrme > Oynay\u0131n ve h\u0131zl\u0131ca kazan\u0131n","isPartOf":{"@id":"https:\/\/spinbetter.guru\/tr\/#website"},"datePublished":"2024-11-04T09:16:20+00:00","dateModified":"2025-09-24T13:25:42+00:00","description":"SpinBetter'\u0131n \u00fccretsiz d\u00f6n\u00fc\u015flerini kullan\u0131n ve en iyi slotlarda \u015fans\u0131n\u0131z\u0131 deneyin! Yeni ve d\u00fczenli oyuncular i\u00e7in \u00f6zel teklifler.","breadcrumb":{"@id":"https:\/\/spinbetter.guru\/tr\/free-spins\/#breadcrumb"},"inLanguage":"tr","potentialAction":[{"@type":"ReadAction","target":["https:\/\/spinbetter.guru\/tr\/free-spins\/"]}]},{"@type":"BreadcrumbList","@id":"https:\/\/spinbetter.guru\/tr\/free-spins\/#breadcrumb","itemListElement":[{"@type":"ListItem","position":1,"name":"\u0413\u043b\u0430\u0432\u043d\u0430\u044f \u0441\u0442\u0440\u0430\u043d\u0438\u0446\u0430","item":"https:\/\/spinbetter.guru\/tr\/"},{"@type":"ListItem","position":2,"name":"Bedava D\u00f6nd\u00fcrmeler"}]},{"@type":"WebSite","@id":"https:\/\/spinbetter.guru\/tr\/#website","url":"https:\/\/spinbetter.guru\/tr\/","name":"Spinbetter plus TR","description":"","potentialAction":[{"@type":"SearchAction","target":{"@type":"EntryPoint","urlTemplate":"https:\/\/spinbetter.guru\/tr\/?s={search_term_string}"},"query-input":{"@type":"PropertyValueSpecification","valueRequired":true,"valueName":"search_term_string"}}],"inLanguage":"tr"}]}},"_links":{"self":[{"href":"https:\/\/spinbetter.guru\/tr\/wp-json\/wp\/v2\/pages\/318"}],"collection":[{"href":"https:\/\/spinbetter.guru\/tr\/wp-json\/wp\/v2\/pages"}],"about":[{"href":"https:\/\/spinbetter.guru\/tr\/wp-json\/wp\/v2\/types\/page"}],"author":[{"embeddable":true,"href":"https:\/\/spinbetter.guru\/tr\/wp-json\/wp\/v2\/users\/1"}],"replies":[{"embeddable":true,"href":"https:\/\/spinbetter.guru\/tr\/wp-json\/wp\/v2\/comments?post=318"}],"version-history":[{"count":13,"href":"https:\/\/spinbetter.guru\/tr\/wp-json\/wp\/v2\/pages\/318\/revisions"}],"predecessor-version":[{"id":562,"href":"https:\/\/spinbetter.guru\/tr\/wp-json\/wp\/v2\/pages\/318\/revisions\/562"}],"wp:attachment":[{"href":"https:\/\/spinbetter.guru\/tr\/wp-json\/wp\/v2\/media?parent=318"}],"curies":[{"name":"wp","href":"https:\/\/api.w.org\/{rel}","templated":true}]}}