{"id":458,"date":"2025-04-24T08:25:39","date_gmt":"2025-04-24T08:25:39","guid":{"rendered":"https:\/\/spinbetter.guru\/tr\/?page_id=458"},"modified":"2025-08-28T15:18:49","modified_gmt":"2025-08-28T15:18:49","slug":"freebet","status":"publish","type":"page","link":"https:\/\/spinbetter.guru\/tr\/bonus\/freebet\/","title":{"rendered":"\u00dccretsiz bahis"},"content":{"rendered":"","protected":false},"excerpt":{"rendered":"","protected":false},"author":1,"featured_media":0,"parent":314,"menu_order":0,"comment_status":"closed","ping_status":"closed","template":"","meta":{"footnotes":""},"class_list":["post-458","page","type-page","status-publish","hentry"],"yoast_head":"<!-- This site is optimized with the Yoast SEO plugin v23.4 - https:\/\/yoast.com\/wordpress\/plugins\/seo\/ -->\n<title>Mobilde Freebet: 10\u20ac Bonusunuzu Talep Edin<\/title>\n<meta name=\"description\" content=\"Uygulamam\u0131z \u00fczerinden 10\u20ac&#039;ya kadar mobil bedava bahsinizi al\u0131n ve istedi\u011finiz yerde oynay\u0131n. Zorlu bir oyuncusunuz, bunu biliyoruz. Bonuslar\u0131n\u0131z\u0131 almaya haz\u0131r m\u0131s\u0131n\u0131z? Harekete ge\u00e7me zaman\u0131 - bahisler sizi bekliyor!\" \/>\n<meta name=\"robots\" content=\"index, follow, max-snippet:-1, max-image-preview:large, max-video-preview:-1\" \/>\n<meta property=\"og:locale\" content=\"tr_TR\" \/>\n<meta property=\"og:type\" content=\"article\" \/>\n<meta property=\"og:title\" content=\"Mobilde Freebet: 10\u20ac Bonusunuzu Talep Edin\" \/>\n<meta property=\"og:description\" content=\"Uygulamam\u0131z \u00fczerinden 10\u20ac&#039;ya kadar mobil bedava bahsinizi al\u0131n ve istedi\u011finiz yerde oynay\u0131n. Zorlu bir oyuncusunuz, bunu biliyoruz. Bonuslar\u0131n\u0131z\u0131 almaya haz\u0131r m\u0131s\u0131n\u0131z? Harekete ge\u00e7me zaman\u0131 - bahisler sizi bekliyor!\" \/>\n<meta property=\"og:url\" content=\"https:\/\/spinbetter.guru\/tr\/bonus\/freebet\/\" \/>\n<meta property=\"og:site_name\" content=\"Spinbetter plus TR\" \/>\n<meta property=\"article:modified_time\" content=\"2025-08-28T15:18:49+00:00\" \/>\n<meta name=\"twitter:card\" content=\"summary_large_image\" \/>\n<script type=\"application\/ld+json\" class=\"yoast-schema-graph\">{\"@context\":\"https:\/\/schema.org\",\"@graph\":[{\"@type\":\"WebPage\",\"@id\":\"https:\/\/spinbetter.guru\/tr\/bonus\/freebet\/\",\"url\":\"https:\/\/spinbetter.guru\/tr\/bonus\/freebet\/\",\"name\":\"Mobilde Freebet: 10\u20ac Bonusunuzu Talep Edin\",\"isPartOf\":{\"@id\":\"https:\/\/spinbetter.guru\/tr\/#website\"},\"datePublished\":\"2025-04-24T08:25:39+00:00\",\"dateModified\":\"2025-08-28T15:18:49+00:00\",\"description\":\"Uygulamam\u0131z \u00fczerinden 10\u20ac'ya kadar mobil bedava bahsinizi al\u0131n ve istedi\u011finiz yerde oynay\u0131n. Zorlu bir oyuncusunuz, bunu biliyoruz. Bonuslar\u0131n\u0131z\u0131 almaya haz\u0131r m\u0131s\u0131n\u0131z? Harekete ge\u00e7me zaman\u0131 - bahisler sizi bekliyor!\",\"breadcrumb\":{\"@id\":\"https:\/\/spinbetter.guru\/tr\/bonus\/freebet\/#breadcrumb\"},\"inLanguage\":\"tr\",\"potentialAction\":[{\"@type\":\"ReadAction\",\"target\":[\"https:\/\/spinbetter.guru\/tr\/bonus\/freebet\/\"]}]},{\"@type\":\"BreadcrumbList\",\"@id\":\"https:\/\/spinbetter.guru\/tr\/bonus\/freebet\/#breadcrumb\",\"itemListElement\":[{\"@type\":\"ListItem\",\"position\":1,\"name\":\"\u0413\u043b\u0430\u0432\u043d\u0430\u044f \u0441\u0442\u0440\u0430\u043d\u0438\u0446\u0430\",\"item\":\"https:\/\/spinbetter.guru\/tr\/\"},{\"@type\":\"ListItem\",\"position\":2,\"name\":\"Bonus\",\"item\":\"https:\/\/spinbetter.guru\/tr\/bonus\/\"},{\"@type\":\"ListItem\",\"position\":3,\"name\":\"\u00dccretsiz bahis\"}]},{\"@type\":\"WebSite\",\"@id\":\"https:\/\/spinbetter.guru\/tr\/#website\",\"url\":\"https:\/\/spinbetter.guru\/tr\/\",\"name\":\"Spinbetter plus TR\",\"description\":\"\",\"potentialAction\":[{\"@type\":\"SearchAction\",\"target\":{\"@type\":\"EntryPoint\",\"urlTemplate\":\"https:\/\/spinbetter.guru\/tr\/?s={search_term_string}\"},\"query-input\":{\"@type\":\"PropertyValueSpecification\",\"valueRequired\":true,\"valueName\":\"search_term_string\"}}],\"inLanguage\":\"tr\"}]}<\/script>\n<!-- \/ Yoast SEO plugin. -->","yoast_head_json":{"title":"Mobilde Freebet: 10\u20ac Bonusunuzu Talep Edin","description":"Uygulamam\u0131z \u00fczerinden 10\u20ac'ya kadar mobil bedava bahsinizi al\u0131n ve istedi\u011finiz yerde oynay\u0131n. Zorlu bir oyuncusunuz, bunu biliyoruz. Bonuslar\u0131n\u0131z\u0131 almaya haz\u0131r m\u0131s\u0131n\u0131z? Harekete ge\u00e7me zaman\u0131 - bahisler sizi bekliyor!","robots":{"index":"index","follow":"follow","max-snippet":"max-snippet:-1","max-image-preview":"max-image-preview:large","max-video-preview":"max-video-preview:-1"},"og_locale":"tr_TR","og_type":"article","og_title":"Mobilde Freebet: 10\u20ac Bonusunuzu Talep Edin","og_description":"Uygulamam\u0131z \u00fczerinden 10\u20ac'ya kadar mobil bedava bahsinizi al\u0131n ve istedi\u011finiz yerde oynay\u0131n. Zorlu bir oyuncusunuz, bunu biliyoruz. Bonuslar\u0131n\u0131z\u0131 almaya haz\u0131r m\u0131s\u0131n\u0131z? Harekete ge\u00e7me zaman\u0131 - bahisler sizi bekliyor!","og_url":"https:\/\/spinbetter.guru\/tr\/bonus\/freebet\/","og_site_name":"Spinbetter plus TR","article_modified_time":"2025-08-28T15:18:49+00:00","twitter_card":"summary_large_image","schema":{"@context":"https:\/\/schema.org","@graph":[{"@type":"WebPage","@id":"https:\/\/spinbetter.guru\/tr\/bonus\/freebet\/","url":"https:\/\/spinbetter.guru\/tr\/bonus\/freebet\/","name":"Mobilde Freebet: 10\u20ac Bonusunuzu Talep Edin","isPartOf":{"@id":"https:\/\/spinbetter.guru\/tr\/#website"},"datePublished":"2025-04-24T08:25:39+00:00","dateModified":"2025-08-28T15:18:49+00:00","description":"Uygulamam\u0131z \u00fczerinden 10\u20ac'ya kadar mobil bedava bahsinizi al\u0131n ve istedi\u011finiz yerde oynay\u0131n. Zorlu bir oyuncusunuz, bunu biliyoruz. Bonuslar\u0131n\u0131z\u0131 almaya haz\u0131r m\u0131s\u0131n\u0131z? Harekete ge\u00e7me zaman\u0131 - bahisler sizi bekliyor!","breadcrumb":{"@id":"https:\/\/spinbetter.guru\/tr\/bonus\/freebet\/#breadcrumb"},"inLanguage":"tr","potentialAction":[{"@type":"ReadAction","target":["https:\/\/spinbetter.guru\/tr\/bonus\/freebet\/"]}]},{"@type":"BreadcrumbList","@id":"https:\/\/spinbetter.guru\/tr\/bonus\/freebet\/#breadcrumb","itemListElement":[{"@type":"ListItem","position":1,"name":"\u0413\u043b\u0430\u0432\u043d\u0430\u044f \u0441\u0442\u0440\u0430\u043d\u0438\u0446\u0430","item":"https:\/\/spinbetter.guru\/tr\/"},{"@type":"ListItem","position":2,"name":"Bonus","item":"https:\/\/spinbetter.guru\/tr\/bonus\/"},{"@type":"ListItem","position":3,"name":"\u00dccretsiz bahis"}]},{"@type":"WebSite","@id":"https:\/\/spinbetter.guru\/tr\/#website","url":"https:\/\/spinbetter.guru\/tr\/","name":"Spinbetter plus TR","description":"","potentialAction":[{"@type":"SearchAction","target":{"@type":"EntryPoint","urlTemplate":"https:\/\/spinbetter.guru\/tr\/?s={search_term_string}"},"query-input":{"@type":"PropertyValueSpecification","valueRequired":true,"valueName":"search_term_string"}}],"inLanguage":"tr"}]}},"_links":{"self":[{"href":"https:\/\/spinbetter.guru\/tr\/wp-json\/wp\/v2\/pages\/458"}],"collection":[{"href":"https:\/\/spinbetter.guru\/tr\/wp-json\/wp\/v2\/pages"}],"about":[{"href":"https:\/\/spinbetter.guru\/tr\/wp-json\/wp\/v2\/types\/page"}],"author":[{"embeddable":true,"href":"https:\/\/spinbetter.guru\/tr\/wp-json\/wp\/v2\/users\/1"}],"replies":[{"embeddable":true,"href":"https:\/\/spinbetter.guru\/tr\/wp-json\/wp\/v2\/comments?post=458"}],"version-history":[{"count":5,"href":"https:\/\/spinbetter.guru\/tr\/wp-json\/wp\/v2\/pages\/458\/revisions"}],"predecessor-version":[{"id":559,"href":"https:\/\/spinbetter.guru\/tr\/wp-json\/wp\/v2\/pages\/458\/revisions\/559"}],"up":[{"embeddable":true,"href":"https:\/\/spinbetter.guru\/tr\/wp-json\/wp\/v2\/pages\/314"}],"wp:attachment":[{"href":"https:\/\/spinbetter.guru\/tr\/wp-json\/wp\/v2\/media?parent=458"}],"curies":[{"name":"wp","href":"https:\/\/api.w.org\/{rel}","templated":true}]}}