{"id":476,"date":"2025-04-24T09:25:01","date_gmt":"2025-04-24T09:25:01","guid":{"rendered":"https:\/\/spinbetter.guru\/tr\/?page_id=476"},"modified":"2025-09-05T07:47:15","modified_gmt":"2025-09-05T07:47:15","slug":"free-spins-telegram","status":"publish","type":"page","link":"https:\/\/spinbetter.guru\/tr\/bonus\/free-spins-telegram\/","title":{"rendered":"\u00dccretsiz D\u00f6nd\u00fcrmeler"},"content":{"rendered":"","protected":false},"excerpt":{"rendered":"","protected":false},"author":1,"featured_media":0,"parent":314,"menu_order":0,"comment_status":"closed","ping_status":"closed","template":"","meta":{"footnotes":""},"class_list":["post-476","page","type-page","status-publish","hentry"],"yoast_head":"<!-- This site is optimized with the Yoast SEO plugin v23.4 - https:\/\/yoast.com\/wordpress\/plugins\/seo\/ -->\n<title>100 FS Talep Edin &gt; \u00d6zel SpinBetter Telegram Teklifi!<\/title>\n<meta name=\"description\" content=\"Beklemeyi b\u0131rak\u0131n, 100 Bedava D\u00f6nd\u00fcrmenizi zahmetsizce al\u0131n! Telegram&#039;\u0131m\u0131za abone olun ve en pop\u00fcler ve en \u00f6zel SpinBetter promosyonlar\u0131na an\u0131nda eri\u015fin. Bu bir \u015faka de\u011fil - sadece ger\u00e7ek bonuslar!\" \/>\n<meta name=\"robots\" content=\"index, follow, max-snippet:-1, max-image-preview:large, max-video-preview:-1\" \/>\n<meta property=\"og:locale\" content=\"tr_TR\" \/>\n<meta property=\"og:type\" content=\"article\" \/>\n<meta property=\"og:title\" content=\"100 FS Talep Edin &gt; \u00d6zel SpinBetter Telegram Teklifi!\" \/>\n<meta property=\"og:description\" content=\"Beklemeyi b\u0131rak\u0131n, 100 Bedava D\u00f6nd\u00fcrmenizi zahmetsizce al\u0131n! Telegram&#039;\u0131m\u0131za abone olun ve en pop\u00fcler ve en \u00f6zel SpinBetter promosyonlar\u0131na an\u0131nda eri\u015fin. Bu bir \u015faka de\u011fil - sadece ger\u00e7ek bonuslar!\" \/>\n<meta property=\"og:url\" content=\"https:\/\/spinbetter.guru\/tr\/bonus\/free-spins-telegram\/\" \/>\n<meta property=\"og:site_name\" content=\"Spinbetter plus TR\" \/>\n<meta property=\"article:modified_time\" content=\"2025-09-05T07:47:15+00:00\" \/>\n<meta name=\"twitter:card\" content=\"summary_large_image\" \/>\n<script type=\"application\/ld+json\" class=\"yoast-schema-graph\">{\"@context\":\"https:\/\/schema.org\",\"@graph\":[{\"@type\":\"WebPage\",\"@id\":\"https:\/\/spinbetter.guru\/tr\/bonus\/free-spins-telegram\/\",\"url\":\"https:\/\/spinbetter.guru\/tr\/bonus\/free-spins-telegram\/\",\"name\":\"100 FS Talep Edin > \u00d6zel SpinBetter Telegram Teklifi!\",\"isPartOf\":{\"@id\":\"https:\/\/spinbetter.guru\/tr\/#website\"},\"datePublished\":\"2025-04-24T09:25:01+00:00\",\"dateModified\":\"2025-09-05T07:47:15+00:00\",\"description\":\"Beklemeyi b\u0131rak\u0131n, 100 Bedava D\u00f6nd\u00fcrmenizi zahmetsizce al\u0131n! Telegram'\u0131m\u0131za abone olun ve en pop\u00fcler ve en \u00f6zel SpinBetter promosyonlar\u0131na an\u0131nda eri\u015fin. Bu bir \u015faka de\u011fil - sadece ger\u00e7ek bonuslar!\",\"breadcrumb\":{\"@id\":\"https:\/\/spinbetter.guru\/tr\/bonus\/free-spins-telegram\/#breadcrumb\"},\"inLanguage\":\"tr\",\"potentialAction\":[{\"@type\":\"ReadAction\",\"target\":[\"https:\/\/spinbetter.guru\/tr\/bonus\/free-spins-telegram\/\"]}]},{\"@type\":\"BreadcrumbList\",\"@id\":\"https:\/\/spinbetter.guru\/tr\/bonus\/free-spins-telegram\/#breadcrumb\",\"itemListElement\":[{\"@type\":\"ListItem\",\"position\":1,\"name\":\"\u0413\u043b\u0430\u0432\u043d\u0430\u044f \u0441\u0442\u0440\u0430\u043d\u0438\u0446\u0430\",\"item\":\"https:\/\/spinbetter.guru\/tr\/\"},{\"@type\":\"ListItem\",\"position\":2,\"name\":\"Bonus\",\"item\":\"https:\/\/spinbetter.guru\/tr\/bonus\/\"},{\"@type\":\"ListItem\",\"position\":3,\"name\":\"\u00dccretsiz D\u00f6nd\u00fcrmeler\"}]},{\"@type\":\"WebSite\",\"@id\":\"https:\/\/spinbetter.guru\/tr\/#website\",\"url\":\"https:\/\/spinbetter.guru\/tr\/\",\"name\":\"Spinbetter plus TR\",\"description\":\"\",\"potentialAction\":[{\"@type\":\"SearchAction\",\"target\":{\"@type\":\"EntryPoint\",\"urlTemplate\":\"https:\/\/spinbetter.guru\/tr\/?s={search_term_string}\"},\"query-input\":{\"@type\":\"PropertyValueSpecification\",\"valueRequired\":true,\"valueName\":\"search_term_string\"}}],\"inLanguage\":\"tr\"}]}<\/script>\n<!-- \/ Yoast SEO plugin. -->","yoast_head_json":{"title":"100 FS Talep Edin > \u00d6zel SpinBetter Telegram Teklifi!","description":"Beklemeyi b\u0131rak\u0131n, 100 Bedava D\u00f6nd\u00fcrmenizi zahmetsizce al\u0131n! Telegram'\u0131m\u0131za abone olun ve en pop\u00fcler ve en \u00f6zel SpinBetter promosyonlar\u0131na an\u0131nda eri\u015fin. Bu bir \u015faka de\u011fil - sadece ger\u00e7ek bonuslar!","robots":{"index":"index","follow":"follow","max-snippet":"max-snippet:-1","max-image-preview":"max-image-preview:large","max-video-preview":"max-video-preview:-1"},"og_locale":"tr_TR","og_type":"article","og_title":"100 FS Talep Edin > \u00d6zel SpinBetter Telegram Teklifi!","og_description":"Beklemeyi b\u0131rak\u0131n, 100 Bedava D\u00f6nd\u00fcrmenizi zahmetsizce al\u0131n! Telegram'\u0131m\u0131za abone olun ve en pop\u00fcler ve en \u00f6zel SpinBetter promosyonlar\u0131na an\u0131nda eri\u015fin. Bu bir \u015faka de\u011fil - sadece ger\u00e7ek bonuslar!","og_url":"https:\/\/spinbetter.guru\/tr\/bonus\/free-spins-telegram\/","og_site_name":"Spinbetter plus TR","article_modified_time":"2025-09-05T07:47:15+00:00","twitter_card":"summary_large_image","schema":{"@context":"https:\/\/schema.org","@graph":[{"@type":"WebPage","@id":"https:\/\/spinbetter.guru\/tr\/bonus\/free-spins-telegram\/","url":"https:\/\/spinbetter.guru\/tr\/bonus\/free-spins-telegram\/","name":"100 FS Talep Edin > \u00d6zel SpinBetter Telegram Teklifi!","isPartOf":{"@id":"https:\/\/spinbetter.guru\/tr\/#website"},"datePublished":"2025-04-24T09:25:01+00:00","dateModified":"2025-09-05T07:47:15+00:00","description":"Beklemeyi b\u0131rak\u0131n, 100 Bedava D\u00f6nd\u00fcrmenizi zahmetsizce al\u0131n! Telegram'\u0131m\u0131za abone olun ve en pop\u00fcler ve en \u00f6zel SpinBetter promosyonlar\u0131na an\u0131nda eri\u015fin. Bu bir \u015faka de\u011fil - sadece ger\u00e7ek bonuslar!","breadcrumb":{"@id":"https:\/\/spinbetter.guru\/tr\/bonus\/free-spins-telegram\/#breadcrumb"},"inLanguage":"tr","potentialAction":[{"@type":"ReadAction","target":["https:\/\/spinbetter.guru\/tr\/bonus\/free-spins-telegram\/"]}]},{"@type":"BreadcrumbList","@id":"https:\/\/spinbetter.guru\/tr\/bonus\/free-spins-telegram\/#breadcrumb","itemListElement":[{"@type":"ListItem","position":1,"name":"\u0413\u043b\u0430\u0432\u043d\u0430\u044f \u0441\u0442\u0440\u0430\u043d\u0438\u0446\u0430","item":"https:\/\/spinbetter.guru\/tr\/"},{"@type":"ListItem","position":2,"name":"Bonus","item":"https:\/\/spinbetter.guru\/tr\/bonus\/"},{"@type":"ListItem","position":3,"name":"\u00dccretsiz D\u00f6nd\u00fcrmeler"}]},{"@type":"WebSite","@id":"https:\/\/spinbetter.guru\/tr\/#website","url":"https:\/\/spinbetter.guru\/tr\/","name":"Spinbetter plus TR","description":"","potentialAction":[{"@type":"SearchAction","target":{"@type":"EntryPoint","urlTemplate":"https:\/\/spinbetter.guru\/tr\/?s={search_term_string}"},"query-input":{"@type":"PropertyValueSpecification","valueRequired":true,"valueName":"search_term_string"}}],"inLanguage":"tr"}]}},"_links":{"self":[{"href":"https:\/\/spinbetter.guru\/tr\/wp-json\/wp\/v2\/pages\/476"}],"collection":[{"href":"https:\/\/spinbetter.guru\/tr\/wp-json\/wp\/v2\/pages"}],"about":[{"href":"https:\/\/spinbetter.guru\/tr\/wp-json\/wp\/v2\/types\/page"}],"author":[{"embeddable":true,"href":"https:\/\/spinbetter.guru\/tr\/wp-json\/wp\/v2\/users\/1"}],"replies":[{"embeddable":true,"href":"https:\/\/spinbetter.guru\/tr\/wp-json\/wp\/v2\/comments?post=476"}],"version-history":[{"count":4,"href":"https:\/\/spinbetter.guru\/tr\/wp-json\/wp\/v2\/pages\/476\/revisions"}],"predecessor-version":[{"id":561,"href":"https:\/\/spinbetter.guru\/tr\/wp-json\/wp\/v2\/pages\/476\/revisions\/561"}],"up":[{"embeddable":true,"href":"https:\/\/spinbetter.guru\/tr\/wp-json\/wp\/v2\/pages\/314"}],"wp:attachment":[{"href":"https:\/\/spinbetter.guru\/tr\/wp-json\/wp\/v2\/media?parent=476"}],"curies":[{"name":"wp","href":"https:\/\/api.w.org\/{rel}","templated":true}]}}