{"id":479,"date":"2025-04-24T10:22:40","date_gmt":"2025-04-24T10:22:40","guid":{"rendered":"https:\/\/spinbetter.guru\/tr\/?page_id=479"},"modified":"2025-08-27T12:39:45","modified_gmt":"2025-08-27T12:39:45","slug":"loyalty-pays","status":"publish","type":"page","link":"https:\/\/spinbetter.guru\/tr\/bonus\/loyalty-pays\/","title":{"rendered":"Sadakat kar\u015f\u0131l\u0131\u011f\u0131n\u0131 verir"},"content":{"rendered":"","protected":false},"excerpt":{"rendered":"","protected":false},"author":1,"featured_media":0,"parent":314,"menu_order":0,"comment_status":"closed","ping_status":"closed","template":"","meta":{"footnotes":""},"class_list":["post-479","page","type-page","status-publish","hentry"],"yoast_head":"<!-- This site is optimized with the Yoast SEO plugin v23.4 - https:\/\/yoast.com\/wordpress\/plugins\/seo\/ -->\n<title>SpinBetter&#039;da 10. yat\u0131r\u0131m\u0131n\u0131za bonus + 100 FS<\/title>\n<meta name=\"description\" content=\"B\u00fcy\u00fck kazanma zaman\u0131! SpinBetter&#039;da 10. para yat\u0131rma i\u015fleminizi yap\u0131n ve bonus ve 100&#039;e kadar bedava d\u00f6n\u00fc\u015f kazan\u0131n. Sadakat burada sadece de\u011ferli de\u011fildir; para ve co\u015fku getirir! H\u0131z kesmeyin, b\u00fcy\u00fck oynay\u0131n ve \u00f6d\u00fcllerinizi al\u0131n!\" \/>\n<meta name=\"robots\" content=\"index, follow, max-snippet:-1, max-image-preview:large, max-video-preview:-1\" \/>\n<meta property=\"og:locale\" content=\"tr_TR\" \/>\n<meta property=\"og:type\" content=\"article\" \/>\n<meta property=\"og:title\" content=\"SpinBetter&#039;da 10. yat\u0131r\u0131m\u0131n\u0131za bonus + 100 FS\" \/>\n<meta property=\"og:description\" content=\"B\u00fcy\u00fck kazanma zaman\u0131! SpinBetter&#039;da 10. para yat\u0131rma i\u015fleminizi yap\u0131n ve bonus ve 100&#039;e kadar bedava d\u00f6n\u00fc\u015f kazan\u0131n. Sadakat burada sadece de\u011ferli de\u011fildir; para ve co\u015fku getirir! H\u0131z kesmeyin, b\u00fcy\u00fck oynay\u0131n ve \u00f6d\u00fcllerinizi al\u0131n!\" \/>\n<meta property=\"og:url\" content=\"https:\/\/spinbetter.guru\/tr\/bonus\/loyalty-pays\/\" \/>\n<meta property=\"og:site_name\" content=\"Spinbetter plus TR\" \/>\n<meta property=\"article:modified_time\" content=\"2025-08-27T12:39:45+00:00\" \/>\n<meta name=\"twitter:card\" content=\"summary_large_image\" \/>\n<script type=\"application\/ld+json\" class=\"yoast-schema-graph\">{\"@context\":\"https:\/\/schema.org\",\"@graph\":[{\"@type\":\"WebPage\",\"@id\":\"https:\/\/spinbetter.guru\/tr\/bonus\/loyalty-pays\/\",\"url\":\"https:\/\/spinbetter.guru\/tr\/bonus\/loyalty-pays\/\",\"name\":\"SpinBetter'da 10. yat\u0131r\u0131m\u0131n\u0131za bonus + 100 FS\",\"isPartOf\":{\"@id\":\"https:\/\/spinbetter.guru\/tr\/#website\"},\"datePublished\":\"2025-04-24T10:22:40+00:00\",\"dateModified\":\"2025-08-27T12:39:45+00:00\",\"description\":\"B\u00fcy\u00fck kazanma zaman\u0131! SpinBetter'da 10. para yat\u0131rma i\u015fleminizi yap\u0131n ve bonus ve 100'e kadar bedava d\u00f6n\u00fc\u015f kazan\u0131n. Sadakat burada sadece de\u011ferli de\u011fildir; para ve co\u015fku getirir! H\u0131z kesmeyin, b\u00fcy\u00fck oynay\u0131n ve \u00f6d\u00fcllerinizi al\u0131n!\",\"breadcrumb\":{\"@id\":\"https:\/\/spinbetter.guru\/tr\/bonus\/loyalty-pays\/#breadcrumb\"},\"inLanguage\":\"tr\",\"potentialAction\":[{\"@type\":\"ReadAction\",\"target\":[\"https:\/\/spinbetter.guru\/tr\/bonus\/loyalty-pays\/\"]}]},{\"@type\":\"BreadcrumbList\",\"@id\":\"https:\/\/spinbetter.guru\/tr\/bonus\/loyalty-pays\/#breadcrumb\",\"itemListElement\":[{\"@type\":\"ListItem\",\"position\":1,\"name\":\"\u0413\u043b\u0430\u0432\u043d\u0430\u044f \u0441\u0442\u0440\u0430\u043d\u0438\u0446\u0430\",\"item\":\"https:\/\/spinbetter.guru\/tr\/\"},{\"@type\":\"ListItem\",\"position\":2,\"name\":\"Bonus\",\"item\":\"https:\/\/spinbetter.guru\/tr\/bonus\/\"},{\"@type\":\"ListItem\",\"position\":3,\"name\":\"Sadakat kar\u015f\u0131l\u0131\u011f\u0131n\u0131 verir\"}]},{\"@type\":\"WebSite\",\"@id\":\"https:\/\/spinbetter.guru\/tr\/#website\",\"url\":\"https:\/\/spinbetter.guru\/tr\/\",\"name\":\"Spinbetter plus TR\",\"description\":\"\",\"potentialAction\":[{\"@type\":\"SearchAction\",\"target\":{\"@type\":\"EntryPoint\",\"urlTemplate\":\"https:\/\/spinbetter.guru\/tr\/?s={search_term_string}\"},\"query-input\":{\"@type\":\"PropertyValueSpecification\",\"valueRequired\":true,\"valueName\":\"search_term_string\"}}],\"inLanguage\":\"tr\"}]}<\/script>\n<!-- \/ Yoast SEO plugin. -->","yoast_head_json":{"title":"SpinBetter'da 10. yat\u0131r\u0131m\u0131n\u0131za bonus + 100 FS","description":"B\u00fcy\u00fck kazanma zaman\u0131! SpinBetter'da 10. para yat\u0131rma i\u015fleminizi yap\u0131n ve bonus ve 100'e kadar bedava d\u00f6n\u00fc\u015f kazan\u0131n. Sadakat burada sadece de\u011ferli de\u011fildir; para ve co\u015fku getirir! H\u0131z kesmeyin, b\u00fcy\u00fck oynay\u0131n ve \u00f6d\u00fcllerinizi al\u0131n!","robots":{"index":"index","follow":"follow","max-snippet":"max-snippet:-1","max-image-preview":"max-image-preview:large","max-video-preview":"max-video-preview:-1"},"og_locale":"tr_TR","og_type":"article","og_title":"SpinBetter'da 10. yat\u0131r\u0131m\u0131n\u0131za bonus + 100 FS","og_description":"B\u00fcy\u00fck kazanma zaman\u0131! SpinBetter'da 10. para yat\u0131rma i\u015fleminizi yap\u0131n ve bonus ve 100'e kadar bedava d\u00f6n\u00fc\u015f kazan\u0131n. Sadakat burada sadece de\u011ferli de\u011fildir; para ve co\u015fku getirir! H\u0131z kesmeyin, b\u00fcy\u00fck oynay\u0131n ve \u00f6d\u00fcllerinizi al\u0131n!","og_url":"https:\/\/spinbetter.guru\/tr\/bonus\/loyalty-pays\/","og_site_name":"Spinbetter plus TR","article_modified_time":"2025-08-27T12:39:45+00:00","twitter_card":"summary_large_image","schema":{"@context":"https:\/\/schema.org","@graph":[{"@type":"WebPage","@id":"https:\/\/spinbetter.guru\/tr\/bonus\/loyalty-pays\/","url":"https:\/\/spinbetter.guru\/tr\/bonus\/loyalty-pays\/","name":"SpinBetter'da 10. yat\u0131r\u0131m\u0131n\u0131za bonus + 100 FS","isPartOf":{"@id":"https:\/\/spinbetter.guru\/tr\/#website"},"datePublished":"2025-04-24T10:22:40+00:00","dateModified":"2025-08-27T12:39:45+00:00","description":"B\u00fcy\u00fck kazanma zaman\u0131! SpinBetter'da 10. para yat\u0131rma i\u015fleminizi yap\u0131n ve bonus ve 100'e kadar bedava d\u00f6n\u00fc\u015f kazan\u0131n. Sadakat burada sadece de\u011ferli de\u011fildir; para ve co\u015fku getirir! H\u0131z kesmeyin, b\u00fcy\u00fck oynay\u0131n ve \u00f6d\u00fcllerinizi al\u0131n!","breadcrumb":{"@id":"https:\/\/spinbetter.guru\/tr\/bonus\/loyalty-pays\/#breadcrumb"},"inLanguage":"tr","potentialAction":[{"@type":"ReadAction","target":["https:\/\/spinbetter.guru\/tr\/bonus\/loyalty-pays\/"]}]},{"@type":"BreadcrumbList","@id":"https:\/\/spinbetter.guru\/tr\/bonus\/loyalty-pays\/#breadcrumb","itemListElement":[{"@type":"ListItem","position":1,"name":"\u0413\u043b\u0430\u0432\u043d\u0430\u044f \u0441\u0442\u0440\u0430\u043d\u0438\u0446\u0430","item":"https:\/\/spinbetter.guru\/tr\/"},{"@type":"ListItem","position":2,"name":"Bonus","item":"https:\/\/spinbetter.guru\/tr\/bonus\/"},{"@type":"ListItem","position":3,"name":"Sadakat kar\u015f\u0131l\u0131\u011f\u0131n\u0131 verir"}]},{"@type":"WebSite","@id":"https:\/\/spinbetter.guru\/tr\/#website","url":"https:\/\/spinbetter.guru\/tr\/","name":"Spinbetter plus TR","description":"","potentialAction":[{"@type":"SearchAction","target":{"@type":"EntryPoint","urlTemplate":"https:\/\/spinbetter.guru\/tr\/?s={search_term_string}"},"query-input":{"@type":"PropertyValueSpecification","valueRequired":true,"valueName":"search_term_string"}}],"inLanguage":"tr"}]}},"_links":{"self":[{"href":"https:\/\/spinbetter.guru\/tr\/wp-json\/wp\/v2\/pages\/479"}],"collection":[{"href":"https:\/\/spinbetter.guru\/tr\/wp-json\/wp\/v2\/pages"}],"about":[{"href":"https:\/\/spinbetter.guru\/tr\/wp-json\/wp\/v2\/types\/page"}],"author":[{"embeddable":true,"href":"https:\/\/spinbetter.guru\/tr\/wp-json\/wp\/v2\/users\/1"}],"replies":[{"embeddable":true,"href":"https:\/\/spinbetter.guru\/tr\/wp-json\/wp\/v2\/comments?post=479"}],"version-history":[{"count":5,"href":"https:\/\/spinbetter.guru\/tr\/wp-json\/wp\/v2\/pages\/479\/revisions"}],"predecessor-version":[{"id":557,"href":"https:\/\/spinbetter.guru\/tr\/wp-json\/wp\/v2\/pages\/479\/revisions\/557"}],"up":[{"embeddable":true,"href":"https:\/\/spinbetter.guru\/tr\/wp-json\/wp\/v2\/pages\/314"}],"wp:attachment":[{"href":"https:\/\/spinbetter.guru\/tr\/wp-json\/wp\/v2\/media?parent=479"}],"curies":[{"name":"wp","href":"https:\/\/api.w.org\/{rel}","templated":true}]}}